{"id":660,"date":"2024-01-23T17:39:40","date_gmt":"2024-01-23T16:39:40","guid":{"rendered":"https:\/\/staging.mallorvins.com\/?page_id=660"},"modified":"2024-06-17T19:17:08","modified_gmt":"2024-06-17T17:17:08","slug":"aviso-legal","status":"publish","type":"page","link":"https:\/\/staging.mallorvins.com\/ca\/aviso-legal\/","title":{"rendered":"Av\u00eds Legal"},"content":{"rendered":"<p><strong>1. Informaci\u00f3n General<\/strong><\/p>\n\n\n\n<p>En cumplimiento con el deber de informaci\u00f3n recogido en el art\u00edculo 10 de la Ley 34\/2002, de 11 de julio, de Servicios de la Sociedad de la Informaci\u00f3n y del Comercio Electr\u00f3nico, a continuaci\u00f3n se reflejan los siguientes datos:<\/p>\n\n\n\n<ul class=\"wp-block-list\">\n<li><strong>Titular:<\/strong> Alexandre Fonseca Lacomba<\/li>\n\n\n\n<li><strong>Domicilio:<\/strong> C.Arag\u00f3n, 163<\/li>\n\n\n\n<li><strong>CIF\/NIF:<\/strong> 43130477A<\/li>\n\n\n\n<li><strong>Correo Electr\u00f3nico:<\/strong> info@mallorvins.com<\/li>\n<\/ul>\n\n\n\n<p><strong>2. Usuarios<\/strong><\/p>\n\n\n\n<p>El acceso y\/o uso de este portal de Mallorvins atribuye la condici\u00f3n de USUARIO, que acepta, desde dicho acceso y\/o uso, las Condiciones Generales de Uso aqu\u00ed reflejadas. Las citadas Condiciones ser\u00e1n de aplicaci\u00f3n independientemente de las Condiciones Generales de Contrataci\u00f3n que en su caso resulten de obligado cumplimiento.<\/p>\n\n\n\n<p><strong>3. Uso del Portal<\/strong><\/p>\n\n\n\n<p><strong>1. Informaci\u00f3n General<\/strong><\/p>\n\n\n\n<p>En cumplimiento con el deber de informaci\u00f3n recogido en el art\u00edculo 10 de la Ley 34\/2002, de 11 de julio, de Servicios de la Sociedad de la Informaci\u00f3n y del Comercio Electr\u00f3nico, a continuaci\u00f3n se reflejan los siguientes datos:<\/p>\n\n\n\n<ul class=\"wp-block-list\">\n<li><strong>Titular:<\/strong> [Nombre de la Empresa]<\/li>\n\n\n\n<li><strong>Domicilio:<\/strong> [Direcci\u00f3n de la Empresa]<\/li>\n\n\n\n<li><strong>CIF\/NIF:<\/strong> [N\u00famero de Identificaci\u00f3n Fiscal]<\/li>\n\n\n\n<li><strong>Correo Electr\u00f3nico:<\/strong> [Correo Electr\u00f3nico de Contacto]<\/li>\n\n\n\n<li><strong>Tel\u00e9fono:<\/strong> [N\u00famero de Tel\u00e9fono]<\/li>\n<\/ul>\n\n\n\n<p><strong>2. Usuarios<\/strong><\/p>\n\n\n\n<p>El acceso y\/o uso de este portal de Mallorvins atribuye la condici\u00f3n de USUARIO, que acepta, desde dicho acceso y\/o uso, las Condiciones Generales de Uso aqu\u00ed reflejadas. Las citadas Condiciones ser\u00e1n de aplicaci\u00f3n independientemente de las Condiciones Generales de Contrataci\u00f3n que en su caso resulten de obligado cumplimiento.<\/p>\n\n\n\n<p><strong>3. Uso del Portal<\/strong><\/p>\n\n\n\n<p> Mallorvins proporciona el acceso a multitud de informaciones, servicios o datos (en adelante, \u00ablos contenidos\u00bb) en Internet pertenecientes a Mallorvins y a distintas empresas o a sus licenciantes a los que el USUARIO pueda tener acceso. El USUARIO asume la responsabilidad del uso del portal. Dicha responsabilidad se extiende al registro que fuese necesario para acceder a determinados servicios o contenidos.<\/p>\n\n\n\n<p>En dicho registro, el USUARIO ser\u00e1 responsable de aportar informaci\u00f3n veraz y l\u00edcita. Como consecuencia de este registro, al USUARIO se le puede proporcionar una contrase\u00f1a de la que ser\u00e1 responsable, comprometi\u00e9ndose a hacer un uso diligente y confidencial de la misma.<\/p>\n\n\n\n<p><\/p>\n\n\n\n<p><strong>4. Protecci\u00f3n de Datos<\/strong><\/p>\n\n\n\n<p>Mallorvins cumple con las directrices de la normativa vigente en materia de protecci\u00f3n de datos de car\u00e1cter personal, y vela por garantizar un correcto uso y tratamiento de los datos personales del usuario.<\/p>\n\n\n\n<p>Para ello, junto a cada formulario de recabo de datos de car\u00e1cter personal, en los servicios que el USUARIO pueda solicitar a Mallorvins, har\u00e1 saber al USUARIO de la existencia y aceptaci\u00f3n de las condiciones particulares del tratamiento de sus datos en cada caso, inform\u00e1ndole de la responsabilidad del fichero creado, la direcci\u00f3n del responsable, la posibilidad de ejercitar sus derechos de acceso, rectificaci\u00f3n, cancelaci\u00f3n u oposici\u00f3n, la finalidad del tratamiento y las comunicaciones de datos a terceros en su caso.<\/p>\n\n\n\n<p>Asimismo, Mallorvins informa que da cumplimiento a la Ley 34\/2002 de 11 de julio, de Servicios de la Sociedad de la Informaci\u00f3n y el Comercio Electr\u00f3nico y solicitar\u00e1 su consentimiento al tratamiento de su correo electr\u00f3nico con fines comerciales en cada momento.<\/p>\n\n\n\n<p><strong>5. Propiedad Intelectual e Industrial<\/strong><\/p>\n\n\n\n<p>Mallorvins por s\u00ed o como cesionaria, es titular de todos los derechos de propiedad intelectual e industrial de su p\u00e1gina web, as\u00ed como de los elementos contenidos en la misma (a t\u00edtulo enunciativo, im\u00e1genes, sonido, audio, v\u00eddeo, software o textos; marcas o logotipos, combinaciones de colores, estructura y dise\u00f1o, selecci\u00f3n de materiales usados, programas de ordenador necesarios para su funcionamiento, acceso y uso, etc.), titularidad de Mallorvins o bien de sus licenciantes. Todos los derechos reservados.<\/p>\n\n\n\n<p>En virtud de lo dispuesto en los art\u00edculos 8 y 32.1, p\u00e1rrafo segundo, de la Ley de Propiedad Intelectual, quedan expresamente prohibidas la reproducci\u00f3n, la distribuci\u00f3n y la comunicaci\u00f3n p\u00fablica, incluida su modalidad de puesta a disposici\u00f3n, de la totalidad o parte de los contenidos de esta p\u00e1gina web, con fines comerciales, en cualquier soporte y por cualquier medio t\u00e9cnico, sin la autorizaci\u00f3n de Mallorvins. El USUARIO se compromete a respetar los derechos de Propiedad Intelectual e Industrial titularidad de Mallorvins.<\/p>\n\n\n\n<p><strong>6. Exclusi\u00f3n de Garant\u00edas y Responsabilidad<\/strong><\/p>\n\n\n\n<p>Mallorvins no se hace responsable, en ning\u00fan caso, de los da\u00f1os y perjuicios de cualquier naturaleza que pudieran ocasionar, a t\u00edtulo enunciativo: errores u omisiones en los contenidos, falta de disponibilidad del portal o la transmisi\u00f3n de virus o programas maliciosos o lesivos en los contenidos, a pesar de haber adoptado todas las medidas tecnol\u00f3gicas necesarias para evitarlo.<\/p>\n\n\n\n<p><strong>7. Modificaciones<\/strong><\/p>\n\n\n\n<p>Mallorvins se reserva el derecho de efectuar sin previo aviso las modificaciones que considere oportunas en su portal, pudiendo cambiar, suprimir o a\u00f1adir tanto los contenidos y servicios que se presten a trav\u00e9s de la misma como la forma en la que \u00e9stos aparezcan presentados o localizados en su portal.<\/p>\n\n\n\n<p><strong>8. Enlaces<\/strong><\/p>\n\n\n\n<p>En el caso de que en Mallorvins.com se dispusiesen enlaces o hiperv\u00ednculos hac\u00eda otros sitios de Internet, Mallorvins no ejercer\u00e1 ning\u00fan tipo de control sobre dichos sitios y contenidos. En ning\u00fan caso Mallorvins asumir\u00e1 responsabilidad alguna por los contenidos de alg\u00fan enlace perteneciente a un sitio web ajeno, ni garantizar\u00e1 la disponibilidad t\u00e9cnica, calidad, fiabilidad, exactitud, amplitud, veracidad, validez y constitucionalidad de cualquier material o informaci\u00f3n contenida en ninguno de dichos hiperv\u00ednculos u otros sitios de Internet. Igualmente, la inclusi\u00f3n de estas conexiones externas no implicar\u00e1 ning\u00fan tipo de asociaci\u00f3n, fusi\u00f3n o participaci\u00f3n con las entidades conectadas.<\/p>\n\n\n\n<p><strong>9. Derecho de Exclusi\u00f3n<\/strong><\/p>\n\n\n\n<p>Mallorvins se reserva el derecho a denegar o retirar el acceso a portal y\/o los servicios ofrecidos sin necesidad de preaviso, a instancia propia o de un tercero, a aquellos usuarios que incumplan las presentes Condiciones Generales de Uso.<\/p>\n\n\n\n<p><strong>10. Generalidades<\/strong><\/p>\n\n\n\n<p>Mallorvins perseguir\u00e1 el incumplimiento de las presentes condiciones as\u00ed como cualquier utilizaci\u00f3n indebida de su portal ejerciendo todas las acciones civiles y penales que le puedan corresponder en derecho.<\/p>\n\n\n\n<p><strong>11. Modificaci\u00f3n de las Presentes Condiciones y Duraci\u00f3n<\/strong><\/p>\n\n\n\n<p>Mallorvins podr\u00e1 modificar en cualquier momento las condiciones aqu\u00ed determinadas, siendo debidamente publicadas como aqu\u00ed aparecen. La vigencia de las citadas condiciones ir\u00e1 en funci\u00f3n de su exposici\u00f3n y estar\u00e1n vigentes hasta que sean modificadas por otras debidamente publicadas.<\/p>\n\n\n\n<p><strong>12. Legislaci\u00f3n Aplicable y Jurisdicci\u00f3n<\/strong><\/p>\n\n\n\n<p>La relaci\u00f3n entre Mallorvins y el USUARIO se regir\u00e1 por la normativa espa\u00f1ola vigente y cualquier controversia se someter\u00e1 a los Juzgados y tribunales de la ciudad de Palma de Mallorca.<\/p>\n\n\n\n<p>proporciona el acceso a multitud de informaciones, servicios, programas o datos (en adelante, \u00ablos contenidos\u00bb) en Internet pertenecientes a Mallorvins o a sus licenciantes a los que el USUARIO pueda tener acceso. El USUARIO asume la responsabilidad del uso del portal. Dicha responsabilidad se extiende al registro que fuese necesario para acceder a determinados servicios o contenidos.<\/p>\n\n\n\n<p>En dicho registro, el USUARIO ser\u00e1 responsable de aportar informaci\u00f3n veraz y l\u00edcita. Como consecuencia de este registro, al USUARIO se le puede proporcionar una contrase\u00f1a de la que ser\u00e1 responsable, comprometi\u00e9ndose a hacer un uso diligente y confidencial de la misma.<\/p>\n\n\n\n<p><\/p>","protected":false},"excerpt":{"rendered":"<p>1. Informaci\u00f3n General En cumplimiento con el deber de informaci\u00f3n recogido en el art\u00edculo 10 de la Ley 34\/2002, de 11 de julio, de Servicios de la Sociedad de la Informaci\u00f3n y del Comercio Electr\u00f3nico, a continuaci\u00f3n se reflejan los siguientes datos: 2. Usuarios El acceso y\/o uso de este portal de Mallorvins atribuye la [&hellip;]<\/p>","protected":false},"author":1,"featured_media":0,"parent":0,"menu_order":0,"comment_status":"closed","ping_status":"closed","template":"","meta":{"footnotes":""},"class_list":["post-660","page","type-page","status-publish","hentry"],"ams_acf":[],"yoast_head":"<!-- This site is optimized with the Yoast SEO plugin v23.4 - https:\/\/yoast.com\/wordpress\/plugins\/seo\/ -->\n<title>Aviso legal - Mallorvins<\/title>\n<meta name=\"description\" content=\"Mallorvins - Aviso legal -\" \/>\n<meta name=\"robots\" content=\"noindex, follow, max-snippet:-1, max-image-preview:large, max-video-preview:-1\" \/>\n<meta property=\"og:locale\" content=\"ca_ES\" \/>\n<meta property=\"og:type\" content=\"article\" \/>\n<meta property=\"og:title\" content=\"Aviso legal - Mallorvins\" \/>\n<meta property=\"og:description\" content=\"Mallorvins - Aviso legal -\" \/>\n<meta property=\"og:url\" content=\"https:\/\/staging.mallorvins.com\/ca\/aviso-legal\/\" \/>\n<meta property=\"og:site_name\" content=\"Mallorvins\" \/>\n<meta property=\"article:modified_time\" content=\"2024-06-17T17:17:08+00:00\" \/>\n<meta property=\"og:image\" content=\"https:\/\/staging.mallorvins.com\/wp-content\/uploads\/2024\/01\/naming-menu.png\" \/>\n\t<meta property=\"og:image:width\" content=\"300\" \/>\n\t<meta property=\"og:image:height\" content=\"60\" \/>\n\t<meta property=\"og:image:type\" content=\"image\/png\" \/>\n<meta name=\"twitter:card\" content=\"summary_large_image\" \/>\n<meta name=\"twitter:site\" content=\"@mallorvins\" \/>\n<meta name=\"twitter:label1\" content=\"Temps estimat de lectura\" \/>\n\t<meta name=\"twitter:data1\" content=\"6 minuts\" \/>\n<script type=\"application\/ld+json\" class=\"yoast-schema-graph\">{\"@context\":\"https:\/\/schema.org\",\"@graph\":[{\"@type\":\"WebPage\",\"@id\":\"https:\/\/staging.mallorvins.com\/aviso-legal\/\",\"url\":\"https:\/\/staging.mallorvins.com\/aviso-legal\/\",\"name\":\"Aviso legal - Mallorvins\",\"isPartOf\":{\"@id\":\"https:\/\/staging.mallorvins.com\/#website\"},\"datePublished\":\"2024-01-23T16:39:40+00:00\",\"dateModified\":\"2024-06-17T17:17:08+00:00\",\"description\":\"Mallorvins - Aviso legal -\",\"breadcrumb\":{\"@id\":\"https:\/\/staging.mallorvins.com\/aviso-legal\/#breadcrumb\"},\"inLanguage\":\"ca\",\"potentialAction\":[{\"@type\":\"ReadAction\",\"target\":[\"https:\/\/staging.mallorvins.com\/aviso-legal\/\"]}]},{\"@type\":\"BreadcrumbList\",\"@id\":\"https:\/\/staging.mallorvins.com\/aviso-legal\/#breadcrumb\",\"itemListElement\":[{\"@type\":\"ListItem\",\"position\":1,\"name\":\"Portada\",\"item\":\"https:\/\/staging.mallorvins.com\/\"},{\"@type\":\"ListItem\",\"position\":2,\"name\":\"Aviso legal\"}]},{\"@type\":\"WebSite\",\"@id\":\"https:\/\/staging.mallorvins.com\/#website\",\"url\":\"https:\/\/staging.mallorvins.com\/\",\"name\":\"Mallorvins\",\"description\":\"Vinos Mallorquines\",\"publisher\":{\"@id\":\"https:\/\/staging.mallorvins.com\/#organization\"},\"alternateName\":\"Directorio de Vinos Mallorquines\",\"potentialAction\":[{\"@type\":\"SearchAction\",\"target\":{\"@type\":\"EntryPoint\",\"urlTemplate\":\"https:\/\/staging.mallorvins.com\/?s={search_term_string}\"},\"query-input\":{\"@type\":\"PropertyValueSpecification\",\"valueRequired\":true,\"valueName\":\"search_term_string\"}}],\"inLanguage\":\"ca\"},{\"@type\":\"Organization\",\"@id\":\"https:\/\/staging.mallorvins.com\/#organization\",\"name\":\"Mallorvins\",\"alternateName\":\"Vinos mallorquines\",\"url\":\"https:\/\/staging.mallorvins.com\/\",\"logo\":{\"@type\":\"ImageObject\",\"inLanguage\":\"ca\",\"@id\":\"https:\/\/staging.mallorvins.com\/#\/schema\/logo\/image\/\",\"url\":\"https:\/\/staging.mallorvins.com\/wp-content\/uploads\/2024\/01\/naming-menu.png\",\"contentUrl\":\"https:\/\/staging.mallorvins.com\/wp-content\/uploads\/2024\/01\/naming-menu.png\",\"width\":300,\"height\":60,\"caption\":\"Mallorvins\"},\"image\":{\"@id\":\"https:\/\/staging.mallorvins.com\/#\/schema\/logo\/image\/\"},\"sameAs\":[\"https:\/\/x.com\/mallorvins\",\"https:\/\/www.instagram.com\/mallorvins\/\",\"https:\/\/www.tiktok.com\/@mallorvins\"]}]}<\/script>\n<!-- \/ Yoast SEO plugin. -->","yoast_head_json":{"title":"Aviso legal - Mallorvins","description":"Mallorvins - Aviso legal -","robots":{"index":"noindex","follow":"follow","max-snippet":"max-snippet:-1","max-image-preview":"max-image-preview:large","max-video-preview":"max-video-preview:-1"},"og_locale":"ca_ES","og_type":"article","og_title":"Aviso legal - Mallorvins","og_description":"Mallorvins - Aviso legal -","og_url":"https:\/\/staging.mallorvins.com\/ca\/aviso-legal\/","og_site_name":"Mallorvins","article_modified_time":"2024-06-17T17:17:08+00:00","og_image":[{"width":300,"height":60,"url":"https:\/\/staging.mallorvins.com\/wp-content\/uploads\/2024\/01\/naming-menu.png","type":"image\/png"}],"twitter_card":"summary_large_image","twitter_site":"@mallorvins","twitter_misc":{"Temps estimat de lectura":"6 minuts"},"schema":{"@context":"https:\/\/schema.org","@graph":[{"@type":"WebPage","@id":"https:\/\/staging.mallorvins.com\/aviso-legal\/","url":"https:\/\/staging.mallorvins.com\/aviso-legal\/","name":"Aviso legal - Mallorvins","isPartOf":{"@id":"https:\/\/staging.mallorvins.com\/#website"},"datePublished":"2024-01-23T16:39:40+00:00","dateModified":"2024-06-17T17:17:08+00:00","description":"Mallorvins - Aviso legal -","breadcrumb":{"@id":"https:\/\/staging.mallorvins.com\/aviso-legal\/#breadcrumb"},"inLanguage":"ca","potentialAction":[{"@type":"ReadAction","target":["https:\/\/staging.mallorvins.com\/aviso-legal\/"]}]},{"@type":"BreadcrumbList","@id":"https:\/\/staging.mallorvins.com\/aviso-legal\/#breadcrumb","itemListElement":[{"@type":"ListItem","position":1,"name":"Portada","item":"https:\/\/staging.mallorvins.com\/"},{"@type":"ListItem","position":2,"name":"Aviso legal"}]},{"@type":"WebSite","@id":"https:\/\/staging.mallorvins.com\/#website","url":"https:\/\/staging.mallorvins.com\/","name":"Mallorvins","description":"Vinos Mallorquines","publisher":{"@id":"https:\/\/staging.mallorvins.com\/#organization"},"alternateName":"Directorio de Vinos Mallorquines","potentialAction":[{"@type":"SearchAction","target":{"@type":"EntryPoint","urlTemplate":"https:\/\/staging.mallorvins.com\/?s={search_term_string}"},"query-input":{"@type":"PropertyValueSpecification","valueRequired":true,"valueName":"search_term_string"}}],"inLanguage":"ca"},{"@type":"Organization","@id":"https:\/\/staging.mallorvins.com\/#organization","name":"Mallorvins","alternateName":"Vinos mallorquines","url":"https:\/\/staging.mallorvins.com\/","logo":{"@type":"ImageObject","inLanguage":"ca","@id":"https:\/\/staging.mallorvins.com\/#\/schema\/logo\/image\/","url":"https:\/\/staging.mallorvins.com\/wp-content\/uploads\/2024\/01\/naming-menu.png","contentUrl":"https:\/\/staging.mallorvins.com\/wp-content\/uploads\/2024\/01\/naming-menu.png","width":300,"height":60,"caption":"Mallorvins"},"image":{"@id":"https:\/\/staging.mallorvins.com\/#\/schema\/logo\/image\/"},"sameAs":["https:\/\/x.com\/mallorvins","https:\/\/www.instagram.com\/mallorvins\/","https:\/\/www.tiktok.com\/@mallorvins"]}]}},"acf":[],"_links":{"self":[{"href":"https:\/\/staging.mallorvins.com\/ca\/wp-json\/wp\/v2\/pages\/660","targetHints":{"allow":["GET"]}}],"collection":[{"href":"https:\/\/staging.mallorvins.com\/ca\/wp-json\/wp\/v2\/pages"}],"about":[{"href":"https:\/\/staging.mallorvins.com\/ca\/wp-json\/wp\/v2\/types\/page"}],"author":[{"embeddable":true,"href":"https:\/\/staging.mallorvins.com\/ca\/wp-json\/wp\/v2\/users\/1"}],"replies":[{"embeddable":true,"href":"https:\/\/staging.mallorvins.com\/ca\/wp-json\/wp\/v2\/comments?post=660"}],"version-history":[{"count":2,"href":"https:\/\/staging.mallorvins.com\/ca\/wp-json\/wp\/v2\/pages\/660\/revisions"}],"predecessor-version":[{"id":2902,"href":"https:\/\/staging.mallorvins.com\/ca\/wp-json\/wp\/v2\/pages\/660\/revisions\/2902"}],"wp:attachment":[{"href":"https:\/\/staging.mallorvins.com\/ca\/wp-json\/wp\/v2\/media?parent=660"}],"curies":[{"name":"wp","href":"https:\/\/api.w.org\/{rel}","templated":true}]}}